{"id":368915,"date":"2023-11-26T21:23:04","date_gmt":"2023-11-26T20:23:04","guid":{"rendered":"https:\/\/vitalthings2023.flywheelsites.com\/?page_id=368915"},"modified":"2025-12-11T13:21:00","modified_gmt":"2025-12-11T12:21:00","slug":"products","status":"publish","type":"page","link":"https:\/\/vitalthings.com\/en\/produkter\/","title":{"rendered":"Products"},"content":{"rendered":"<p>[et_pb_section fb_built=&raquo;1&#8243; admin_label=&raquo;Feature&raquo; _builder_version=&raquo;4.23&#8243; _module_preset=&raquo;default&raquo; background_color=&raquo;RGBA(255,255,255,0)&raquo; custom_padding=&raquo;0px||20px|||&raquo; locked=&raquo;off&raquo; collapsed=&raquo;on&raquo; global_colors_info=&raquo;{}&raquo;][et_pb_row column_structure=&raquo;1_2,1_2&#8243; make_equal=&raquo;on&raquo; custom_padding_last_edited=&raquo;on|phone&raquo; _builder_version=&raquo;4.23&#8243; _module_preset=&raquo;default&raquo; width=&raquo;85%&raquo; max_width=&raquo;1800px&raquo; module_alignment=&raquo;center&raquo; custom_padding=&raquo;||2px|||&raquo; custom_padding_tablet=&raquo;||2px|||&raquo; custom_padding_phone=&raquo;|0px|2px|0px|false|false&raquo; global_colors_info=&raquo;{}&raquo;][et_pb_column type=&raquo;1_2&#8243; _builder_version=&raquo;4.23&#8243; _module_preset=&raquo;default&raquo; background_color=&raquo;RGBA(255,255,255,0)&raquo; custom_padding=&raquo;60px|60px|60px|60px|true|true&raquo; custom_padding_tablet=&raquo;30px|30px|30px|30px|true|true&raquo; custom_padding_phone=&raquo;20px|20px|20px|20px|true|true&raquo; custom_padding_last_edited=&raquo;on|tablet&raquo; border_radii=&raquo;on|3vw|3vw|3vw|3vw&raquo; global_colors_info=&raquo;{}&raquo;][et_pb_text _builder_version=&raquo;4.23&#8243; _module_preset=&raquo;f5b953fa-5557-4b58-b126-6b736b8fea03&#8243; header_5_font=&raquo;Inter||||||||&raquo; custom_margin=&raquo;||0px||false|false&raquo; global_colors_info=&raquo;{}&raquo;]<\/p>\n<h5>VITALTHINGS GUARDIAN M10<\/h5>\n<p>[\/et_pb_text][et_pb_text _builder_version=&raquo;4.23&#8243; _module_preset=&raquo;d33c28b8-cc16-46b6-83d4-39d60adcb9c7&#8243; custom_margin=&raquo;||10px||false|false&raquo; header_2_font_size_tablet=&raquo;&raquo; header_2_font_size_phone=&raquo;&raquo; header_2_font_size_last_edited=&raquo;on|tablet&raquo; global_colors_info=&raquo;{}&raquo;]<\/p>\n<h2>Fremtidens pasientmonitor<\/h2>\n<p>[\/et_pb_text][et_pb_text _builder_version=&raquo;4.27.4&#8243; _module_preset=&raquo;c290a3bb-fa43-4cc1-a54c-c421dcd91488&#8243; max_width=&raquo;500px&raquo; custom_margin_tablet=&raquo;&raquo; custom_margin_phone=&raquo;||0px||false|false&raquo; custom_margin_last_edited=&raquo;on|phone&raquo; locked=&raquo;off&raquo; global_colors_info=&raquo;{}&raquo;]<\/p>\n<p>Vitalthings Guardian M10 markerer et generasjonsskifte innen pasientmonitorering.<\/p>\n<p>Kontaktl\u00f8s og kontinuerlig m\u00e5ling av vitale parametere gir store fordeler for pasienter og helsepersonell.<\/p>\n<p>Medisinsk godkjent i klasse IIb, klar for markedet og i drift.<\/p>\n<p>[\/et_pb_text][et_pb_button button_url=&raquo;@ET-DC@eyJkeW5hbWljIjp0cnVlLCJjb250ZW50IjoicG9zdF9saW5rX3VybF9wYWdlIiwic2V0dGluZ3MiOnsicG9zdF9pZCI6IjM3MTc1OSJ9fQ==@&raquo; button_text=&raquo;+&raquo; button_alignment=&raquo;left&raquo; button_text_tablet=&raquo;Les mer om Vitalthings Guardian M10&#8243; button_text_phone=&raquo;Les mer om Vitalthings Guardian M10&#8243; button_text_last_edited=&raquo;on|desktop&raquo; _builder_version=&raquo;4.23&#8243; _dynamic_attributes=&raquo;button_url&raquo; _module_preset=&raquo;c59b7b13-04c0-453e-8fc2-cc141fea85d2&#8243; custom_margin=&raquo;15px||||false|false&raquo; custom_margin_tablet=&raquo;20px||30px||false|false&raquo; custom_margin_phone=&raquo;20px||20px||false|false&raquo; custom_margin_last_edited=&raquo;on|phone&raquo; custom_padding=&raquo;8px|17px|8px|17px|true|true&raquo; custom_padding_tablet=&raquo;8px|17px|8px|17px|true|true&raquo; custom_padding_phone=&raquo;8px|15px|8px|15px|true|true&raquo; custom_padding_last_edited=&raquo;on|desktop&raquo; button_text_size_tablet=&raquo;16px&raquo; button_text_size_phone=&raquo;13px&raquo; button_text_size_last_edited=&raquo;on|phone&raquo; locked=&raquo;off&raquo; global_colors_info=&raquo;{%22gcid-4f56aa54-3b36-4432-8908-d727fd88891e%22:%91%22button_bg_color%22%93}&raquo; button_bg_color__hover=&raquo;#5FBCC4&#8243; button_bg_color__hover_enabled=&raquo;off|desktop&raquo; button_text__hover_enabled=&raquo;on|desktop&raquo; button_text__hover=&raquo;Les mer om Vitalthings Guardian M10&#8243; custom_padding__hover_enabled=&raquo;on|desktop&raquo; custom_padding__hover=&raquo;|30px||30px|true|true&raquo;][\/et_pb_button][\/et_pb_column][et_pb_column type=&raquo;1_2&#8243; _builder_version=&raquo;4.22.0&#8243; _module_preset=&raquo;default&raquo; global_colors_info=&raquo;{}&raquo;][et_pb_image src=&raquo;http:\/\/vitalthings.com\/wp-content\/uploads\/2024\/04\/Guardian_komp.jpg&raquo; alt=&raquo;Guardian M10&#8243; title_text=&raquo;Guardian_komp&raquo; force_fullwidth=&raquo;on&raquo; _builder_version=&raquo;4.23&#8243; _module_preset=&raquo;default&raquo; custom_margin=&raquo;-50px||-22px||false|false&raquo; custom_margin_tablet=&raquo;-90px||||false|false&raquo; custom_margin_phone=&raquo;-40px||||false|false&raquo; custom_margin_last_edited=&raquo;on|phone&raquo; custom_padding=&raquo;||0px||false|false&raquo; scroll_horizontal_motion=&raquo;0|70|70|100|0.3|0|0&#8243; motion_trigger_start=&raquo;top&raquo; border_radii=&raquo;on|30px|30px|30px|30px&raquo; locked=&raquo;off&raquo; global_colors_info=&raquo;{}&raquo;][\/et_pb_image][\/et_pb_column][\/et_pb_row][\/et_pb_section][et_pb_section fb_built=&raquo;1&#8243; custom_padding_last_edited=&raquo;on|phone&raquo; admin_label=&raquo;Feature&raquo; _builder_version=&raquo;4.23&#8243; _module_preset=&raquo;default&raquo; background_color=&raquo;RGBA(255,255,255,0)&raquo; custom_padding=&raquo;||27px|||&raquo; custom_padding_tablet=&raquo;||0px||false|false&raquo; custom_padding_phone=&raquo;||0px||false|false&raquo; locked=&raquo;off&raquo; collapsed=&raquo;on&raquo; global_colors_info=&raquo;{}&raquo;][et_pb_row column_structure=&raquo;1_2,1_2&#8243; make_equal=&raquo;on&raquo; custom_padding_last_edited=&raquo;on|phone&raquo; _builder_version=&raquo;4.23&#8243; _module_preset=&raquo;default&raquo; width=&raquo;85%&raquo; max_width=&raquo;1800px&raquo; module_alignment=&raquo;center&raquo; custom_margin_tablet=&raquo;&raquo; custom_margin_phone=&raquo;|0px||0px|false|false&raquo; custom_margin_last_edited=&raquo;on|phone&raquo; custom_padding=&raquo;||2px|||&raquo; custom_padding_tablet=&raquo;||2px|||&raquo; custom_padding_phone=&raquo;|0px|2px|0px|false|false&raquo; module_alignment_tablet=&raquo;center&raquo; module_alignment_phone=&raquo;center&raquo; module_alignment_last_edited=&raquo;on|phone&raquo; global_colors_info=&raquo;{}&raquo;][et_pb_column type=&raquo;1_2&#8243; _builder_version=&raquo;4.23&#8243; _module_preset=&raquo;default&raquo; global_colors_info=&raquo;{}&raquo;][et_pb_image src=&raquo;http:\/\/vitalthings.com\/wp-content\/uploads\/2024\/11\/Glittertind-241101-noshadow.jpg&raquo; title_text=&raquo;Glittertind 241101-noshadow&raquo; force_fullwidth=&raquo;on&raquo; _builder_version=&raquo;4.27.0&#8243; _module_preset=&raquo;default&raquo; custom_margin=&raquo;-30px||||false|false&raquo; scroll_horizontal_motion=&raquo;0|70|70|100|0.3|0|0&#8243; motion_trigger_start=&raquo;top&raquo; border_radii=&raquo;on|30px|30px|30px|30px&raquo; locked=&raquo;off&raquo; global_colors_info=&raquo;{}&raquo;][\/et_pb_image][\/et_pb_column][et_pb_column type=&raquo;1_2&#8243; _builder_version=&raquo;4.23&#8243; _module_preset=&raquo;default&raquo; background_color=&raquo;RGBA(255,255,255,0)&raquo; custom_padding=&raquo;60px|60px|60px|60px|true|true&raquo; custom_padding_tablet=&raquo;30px|30px|30px|30px|true|true&raquo; custom_padding_phone=&raquo;20px|20px|20px|20px|true|true&raquo; custom_padding_last_edited=&raquo;on|tablet&raquo; border_radii=&raquo;on|3vw|3vw|3vw|3vw&raquo; global_colors_info=&raquo;{}&raquo;][et_pb_text _builder_version=&raquo;4.27.0&#8243; _module_preset=&raquo;f5b953fa-5557-4b58-b126-6b736b8fea03&#8243; header_5_font=&raquo;Inter||||||||&raquo; custom_margin=&raquo;||0px||false|false&raquo; global_colors_info=&raquo;{}&raquo;]<\/p>\n<h5>Vitalthings Guardian H10<\/h5>\n<p>[\/et_pb_text][et_pb_text _builder_version=&raquo;4.27.0&#8243; _module_preset=&raquo;d33c28b8-cc16-46b6-83d4-39d60adcb9c7&#8243; custom_margin=&raquo;||10px||false|false&raquo; global_colors_info=&raquo;{}&raquo;]<\/p>\n<h2>Neste generasjon helsemonitorering<\/h2>\n<p>[\/et_pb_text][et_pb_text _builder_version=&raquo;4.27.0&#8243; _module_preset=&raquo;c290a3bb-fa43-4cc1-a54c-c421dcd91488&#8243; max_width=&raquo;500px&raquo; custom_margin_tablet=&raquo;&raquo; custom_margin_phone=&raquo;||0px||false|false&raquo; custom_margin_last_edited=&raquo;on|phone&raquo; locked=&raquo;off&raquo; global_colors_info=&raquo;{}&raquo;]<\/p>\n<p style=\"font-weight: 400;\">Vitalthings Guardian H10 er neste generasjon helsemonitorering for brukervennlig og proaktiv oppf\u00f8lging av brukere i helsetjenesten \u2013 kontaktl\u00f8s, og helt uten bruk av kamera eller sensorikk p\u00e5 kroppen.<\/p>\n<p style=\"font-weight: 400;\">Vitalthings Guardian H10 er klargjort for fremtidig medisinsk sertifisering for bruk b\u00e5de p\u00e5 institusjoner og i hjemmet.<\/p>\n<p>[\/et_pb_text][et_pb_button button_url=&raquo;\/produkter\/vitalthings-guardian-h10\/&raquo; button_text=&raquo;+&raquo; button_alignment=&raquo;left&raquo; button_text_tablet=&raquo;Les mer om Vitalthings Guardian H10&#8243; button_text_phone=&raquo;Les mer om Vitalthings Guardian H10&#8243; button_text_last_edited=&raquo;on|desktop&raquo; _builder_version=&raquo;4.27.0&#8243; _dynamic_attributes=&raquo;button_url&raquo; _module_preset=&raquo;c59b7b13-04c0-453e-8fc2-cc141fea85d2&#8243; custom_margin=&raquo;15px||||false|false&raquo; custom_margin_tablet=&raquo;20px||30px||false|false&raquo; custom_margin_phone=&raquo;20px||20px||false|false&raquo; custom_margin_last_edited=&raquo;on|phone&raquo; custom_padding=&raquo;8px|17px|8px|17px|true|true&raquo; custom_padding_tablet=&raquo;8px|17px|8px|17px|true|true&raquo; custom_padding_phone=&raquo;8px|15px|8px|15px|true|true&raquo; custom_padding_last_edited=&raquo;on|desktop&raquo; button_text_size_tablet=&raquo;16px&raquo; button_text_size_phone=&raquo;13px&raquo; button_text_size_last_edited=&raquo;on|phone&raquo; locked=&raquo;off&raquo; global_colors_info=&raquo;{%22gcid-4f56aa54-3b36-4432-8908-d727fd88891e%22:%91%22button_bg_color%22%93}&raquo; button_bg_color__hover=&raquo;#5FBCC4&#8243; button_bg_color__hover_enabled=&raquo;off|desktop&raquo; button_text__hover_enabled=&raquo;on|desktop&raquo; button_text__hover=&raquo;Les mer om Vitalthings Guardian H10&#8243; custom_padding__hover_enabled=&raquo;on|desktop&raquo; custom_padding__hover=&raquo;|30px||30px|true|true&raquo;][\/et_pb_button][\/et_pb_column][\/et_pb_row][\/et_pb_section][et_pb_section fb_built=&raquo;1&#8243; custom_padding_last_edited=&raquo;on|phone&raquo; admin_label=&raquo;Feature&raquo; _builder_version=&raquo;4.23&#8243; _module_preset=&raquo;default&raquo; background_color=&raquo;RGBA(255,255,255,0)&raquo; custom_padding=&raquo;||27px|||&raquo; custom_padding_tablet=&raquo;||0px||false|false&raquo; custom_padding_phone=&raquo;||0px||false|false&raquo; locked=&raquo;off&raquo; collapsed=&raquo;on&raquo; global_colors_info=&raquo;{}&raquo;][et_pb_row column_structure=&raquo;1_2,1_2&#8243; make_equal=&raquo;on&raquo; custom_padding_last_edited=&raquo;on|phone&raquo; _builder_version=&raquo;4.23&#8243; _module_preset=&raquo;default&raquo; width=&raquo;85%&raquo; max_width=&raquo;1800px&raquo; module_alignment=&raquo;center&raquo; custom_margin_tablet=&raquo;&raquo; custom_margin_phone=&raquo;|0px||0px|false|false&raquo; custom_margin_last_edited=&raquo;on|phone&raquo; custom_padding=&raquo;||2px|||&raquo; custom_padding_tablet=&raquo;||2px|||&raquo; custom_padding_phone=&raquo;|0px|2px|0px|false|false&raquo; module_alignment_tablet=&raquo;center&raquo; module_alignment_phone=&raquo;center&raquo; module_alignment_last_edited=&raquo;on|phone&raquo; global_colors_info=&raquo;{}&raquo;][et_pb_column type=&raquo;1_2&#8243; _builder_version=&raquo;4.23&#8243; _module_preset=&raquo;default&raquo; global_colors_info=&raquo;{}&raquo;][et_pb_image src=&raquo;http:\/\/vitalthings.com\/wp-content\/uploads\/2024\/04\/Somnofy_komp.jpg&raquo; title_text=&raquo;Somnofy_komp&raquo; force_fullwidth=&raquo;on&raquo; _builder_version=&raquo;4.23&#8243; _module_preset=&raquo;default&raquo; custom_margin=&raquo;-30px||||false|false&raquo; scroll_horizontal_motion=&raquo;0|70|70|100|0.3|0|0&#8243; motion_trigger_start=&raquo;top&raquo; border_radii=&raquo;on|30px|30px|30px|30px&raquo; locked=&raquo;off&raquo; global_colors_info=&raquo;{}&raquo;][\/et_pb_image][\/et_pb_column][et_pb_column type=&raquo;1_2&#8243; _builder_version=&raquo;4.23&#8243; _module_preset=&raquo;default&raquo; background_color=&raquo;RGBA(255,255,255,0)&raquo; custom_padding=&raquo;60px|60px|60px|60px|true|true&raquo; custom_padding_tablet=&raquo;30px|30px|30px|30px|true|true&raquo; custom_padding_phone=&raquo;20px|20px|20px|20px|true|true&raquo; custom_padding_last_edited=&raquo;on|tablet&raquo; border_radii=&raquo;on|3vw|3vw|3vw|3vw&raquo; global_colors_info=&raquo;{}&raquo;][et_pb_text _builder_version=&raquo;4.23&#8243; _module_preset=&raquo;f5b953fa-5557-4b58-b126-6b736b8fea03&#8243; header_5_font=&raquo;Inter||||||||&raquo; custom_margin=&raquo;||0px||false|false&raquo; global_colors_info=&raquo;{}&raquo;]<\/p>\n<h5>Vitalthings Somnofy<\/h5>\n<p>[\/et_pb_text][et_pb_text _builder_version=&raquo;4.23&#8243; _module_preset=&raquo;d33c28b8-cc16-46b6-83d4-39d60adcb9c7&#8243; custom_margin=&raquo;||10px||false|false&raquo; global_colors_info=&raquo;{}&raquo;]<\/p>\n<h2>V\u00e6r i forkant med p\u00e5litelig digitalt tilsyn<\/h2>\n<p>[\/et_pb_text][et_pb_text _builder_version=&raquo;4.27.4&#8243; _module_preset=&raquo;c290a3bb-fa43-4cc1-a54c-c421dcd91488&#8243; max_width=&raquo;500px&raquo; custom_margin_tablet=&raquo;&raquo; custom_margin_phone=&raquo;||0px||false|false&raquo; custom_margin_last_edited=&raquo;on|phone&raquo; hover_enabled=&raquo;0&#8243; locked=&raquo;off&raquo; global_colors_info=&raquo;{}&raquo; content_last_edited=&raquo;on|phone&raquo; sticky_enabled=&raquo;0&#8243; content_tablet=&raquo;<\/p>\n<p>Vitalthings Somnofy brukes i dag prim\u00e6rt i forskning, og m\u00e5ler tilstedev\u00e6relse, s\u00f8vn og uro kontinuerlig gjennom natten, i tillegg til et individuellt snitt p\u00e5 pustefrekvens.<\/p>\n<p>Helsepersonell f\u00e5r tilgang til statusoversikt og nattrapport, samt muligheten til \u00e5 motta varsler ved ulike avvik.<\/p>\n<p>Alle m\u00e5linger skjer kontaktl\u00f8st og uten bruk av kamera.<\/p>\n<p>&raquo; content_phone=&raquo;<\/p>\n<p>Vitalthings Somnofy brukes i dag prim\u00e6rt i forskning, og m\u00e5ler tilstedev\u00e6relse, s\u00f8vn og uro kontinuerlig gjennom natten, i tillegg til et individuellt snitt p\u00e5 pustefrekvens.<\/p>\n<p>Helsepersonell f\u00e5r tilgang til statusoversikt og nattrapport, samt muligheten til \u00e5 motta varsler ved ulike avvik.<\/p>\n<p>Alle m\u00e5linger skjer kontaktl\u00f8st og uten bruk av kamera.<\/p>\n<p>&laquo;]<\/p>\n<p>Vitalthings Somnofy brukes i dag prim\u00e6rt i forskning, og m\u00e5ler tilstedev\u00e6relse, s\u00f8vn og uro kontinuerlig gjennom natten, i tillegg til et individuellt snitt p\u00e5 pustefrekvens.<\/p>\n<p>Helsepersonell f\u00e5r tilgang til statusoversikt og nattrapport, samt muligheten til \u00e5 motta varsler ved ulike avvik.<\/p>\n<p>Alle m\u00e5linger skjer kontaktl\u00f8st og uten bruk av kamera.<\/p>\n<p>[\/et_pb_text][et_pb_button button_url=&raquo;@ET-DC@eyJkeW5hbWljIjp0cnVlLCJjb250ZW50IjoicG9zdF9saW5rX3VybF9wYWdlIiwic2V0dGluZ3MiOnsicG9zdF9pZCI6IjM3MTY0MyJ9fQ==@&raquo; button_text=&raquo;+&raquo; button_alignment=&raquo;left&raquo; button_text_tablet=&raquo;Les mer om Vitalthings Somnofy&raquo; button_text_phone=&raquo;Les mer om Vitalthings Somnofy&raquo; button_text_last_edited=&raquo;on|desktop&raquo; _builder_version=&raquo;4.23&#8243; _dynamic_attributes=&raquo;button_url&raquo; _module_preset=&raquo;c59b7b13-04c0-453e-8fc2-cc141fea85d2&#8243; custom_margin=&raquo;15px||||false|false&raquo; custom_margin_tablet=&raquo;20px||30px||false|false&raquo; custom_margin_phone=&raquo;20px||20px||false|false&raquo; custom_margin_last_edited=&raquo;on|phone&raquo; custom_padding=&raquo;8px|17px|8px|17px|true|true&raquo; custom_padding_tablet=&raquo;8px|17px|8px|17px|true|true&raquo; custom_padding_phone=&raquo;8px|15px|8px|15px|true|true&raquo; custom_padding_last_edited=&raquo;on|desktop&raquo; button_text_size_tablet=&raquo;16px&raquo; button_text_size_phone=&raquo;13px&raquo; button_text_size_last_edited=&raquo;on|phone&raquo; locked=&raquo;off&raquo; global_colors_info=&raquo;{%22gcid-4f56aa54-3b36-4432-8908-d727fd88891e%22:%91%22button_bg_color%22%93}&raquo; button_bg_color__hover=&raquo;#5FBCC4&#8243; button_bg_color__hover_enabled=&raquo;off|desktop&raquo; button_text__hover_enabled=&raquo;on|hover&raquo; button_text__hover=&raquo;Les mer om Vitalthings Somnofy&raquo; custom_padding__hover_enabled=&raquo;on|desktop&raquo; custom_padding__hover=&raquo;|30px||30px|true|true&raquo;][\/et_pb_button][\/et_pb_column][\/et_pb_row][\/et_pb_section]<\/p>\n","protected":false},"excerpt":{"rendered":"<p>VITALTHINGS GUARDIAN M10Fremtidens pasientmonitorVitalthings Guardian M10 markerer et generasjonsskifte innen pasientmonitorering. Kontaktl\u00f8s og kontinuerlig m\u00e5ling av vitale parametere gir store fordeler for pasienter og helsepersonell. Medisinsk godkjent i klasse IIb, klar for markedet og i drift.Vitalthings Guardian H10Neste generasjon helsemonitoreringVitalthings Guardian H10 er neste generasjon helsemonitorering for brukervennlig og proaktiv oppf\u00f8lging av brukere i helsetjenesten [&hellip;]<\/p>\n","protected":false},"author":6,"featured_media":0,"parent":0,"menu_order":0,"comment_status":"closed","ping_status":"closed","template":"","meta":{"_et_pb_use_builder":"on","_et_pb_old_content":"","_et_gb_content_width":"","content-type":"","footnotes":""},"dipi_cpt_category":[],"class_list":["post-368915","page","type-page","status-publish","hentry"],"_links":{"self":[{"href":"https:\/\/vitalthings.com\/en\/wp-json\/wp\/v2\/pages\/368915","targetHints":{"allow":["GET"]}}],"collection":[{"href":"https:\/\/vitalthings.com\/en\/wp-json\/wp\/v2\/pages"}],"about":[{"href":"https:\/\/vitalthings.com\/en\/wp-json\/wp\/v2\/types\/page"}],"author":[{"embeddable":true,"href":"https:\/\/vitalthings.com\/en\/wp-json\/wp\/v2\/users\/6"}],"replies":[{"embeddable":true,"href":"https:\/\/vitalthings.com\/en\/wp-json\/wp\/v2\/comments?post=368915"}],"version-history":[{"count":0,"href":"https:\/\/vitalthings.com\/en\/wp-json\/wp\/v2\/pages\/368915\/revisions"}],"wp:attachment":[{"href":"https:\/\/vitalthings.com\/en\/wp-json\/wp\/v2\/media?parent=368915"}],"wp:term":[{"taxonomy":"dipi_cpt_category","embeddable":true,"href":"https:\/\/vitalthings.com\/en\/wp-json\/wp\/v2\/dipi_cpt_category?post=368915"}],"curies":[{"name":"wp","href":"https:\/\/api.w.org\/{rel}","templated":true}]}}